{"id":2379,"date":"2014-12-30T19:48:46","date_gmt":"2014-12-30T18:48:46","guid":{"rendered":"http:\/\/www.tlausl.de\/?page_id=2379"},"modified":"2014-12-30T19:48:46","modified_gmt":"2014-12-30T18:48:46","slug":"hoegni-und-hilde","status":"publish","type":"page","link":"https:\/\/www.tlausl.de\/?page_id=2379","title":{"rendered":"H\u00f6gni und Hilde"},"content":{"rendered":"<p>Ein K\u00f6nig, H\u00f6gni genannt, hatte eine Tochter, mit Namen Hilde. Diese machte zur Kriegsgefangenen ein K\u00f6nig Namens Hedin, Hiarrandis Sohn, w\u00e4hrend K\u00f6nig H\u00f6gni zur K\u00f6nigsversammlung geritten war. Als er nun h\u00f6rte, da\u00df in seinem Reiche geheert worden und seine Tochter fortgef\u00fchrt sei, ritt er mit seinem Gefolge, Hedin aufzusuchen und h\u00f6rte, da\u00df er nordw\u00e4rts l\u00e4ngs der K\u00fcste gesegelt sei. Als er aber nach Norweg kam, vernahm er, Hedin habe sich westlich gewendet. Da segelte ihm H\u00f6gni nach bis zu den Orkneyen, und als er nach Ha-ey kam, lag Hedin mit seinem Heere davor. Da ging Hilde ihren Vater aufzusuchen und bot ihm in Hedins Namen ein Halsband zum Vergleich; wenn er aber das nicht wolle, so sei Hedin zur Schlacht bereit und h\u00e4tte H\u00f6gni von ihm keine Schonung zu hoffen. H\u00f6gni antwortete seiner Tochter hart und als sie Hedin traf, sagte sie ihm, da\u00df H\u00f6gni keinen Vergleich wolle und bat ihn, sich zum Streit zu r\u00fcsten. Und also thaten sie beide, gingen aus an das Eiland und ordneten ihr Heer. Da rief Hedin seinen Schw\u00e4her H\u00f6gni an und bot ihm Vergleich und viel Gold zur Bu\u00dfe. H\u00f6gni antwortete: Zu sp\u00e4t bietest du mir das, wenn du dich vergleichen willst, denn nun habe ich mein Schwert Dainslif gezogen, das von den Zwergen geschmiedet ist und eines Mannes Tod werden mu\u00df so oft es entbl\u00f6\u00dft wird, und dessen Hieb immer trifft und Wunden schl\u00e4gt, die niemals heilen. Da sprach Hedin: Du r\u00fchmst dich des Schwertes, aber noch nicht des Sieges. Ich nenne jedes Schwert gut, das seinem Herrn getreu ist. Da begannen sie die Schlacht, die Hiadningawig (Kampf der Hedninge) genannt wird, und stritten den ganzen Tag und am Abend fuhren die K\u00f6nige wieder zu den Schiffen. In der Nacht aber ging Hilde zum Walplatz und weckte durch Zauberkunst die Todten alle, und den andern Tag gingen die K\u00f6nige zum Schlachtfelde und k\u00e4mpften, und so auch alle, die Tags zuvor gefallen waren. Also w\u00e4hrte der Streit fort einen Tag nach dem andern, und alle die da fielen und alle Schwerter, die auf dem Walplatze lagen, und alle Schilde wurden zu Steinen. Aber sobald es tagte standen alle Todten wieder auf und k\u00e4mpften und alle Waffen wurden wieder brauchbar. Und in den Liedern hei\u00dft es, die Hiadninge w\u00fcrden so fortfahren bis zur G\u00f6tterd\u00e4mmerung.<\/p>\n","protected":false},"excerpt":{"rendered":"<p>Ein K\u00f6nig, H\u00f6gni genannt, hatte eine Tochter, mit Namen Hilde. Diese machte zur Kriegsgefangenen ein&hellip;<\/p>\n<p> <a class=\"more-link\" href=\"https:\/\/www.tlausl.de\/?page_id=2379\">Read more<\/a><\/p>\n","protected":false},"author":1,"featured_media":0,"parent":0,"menu_order":0,"comment_status":"closed","ping_status":"open","template":"","meta":{"footnotes":""},"class_list":["post-2379","page","type-page","status-publish"],"_links":{"self":[{"href":"https:\/\/www.tlausl.de\/index.php?rest_route=\/wp\/v2\/pages\/2379","targetHints":{"allow":["GET"]}}],"collection":[{"href":"https:\/\/www.tlausl.de\/index.php?rest_route=\/wp\/v2\/pages"}],"about":[{"href":"https:\/\/www.tlausl.de\/index.php?rest_route=\/wp\/v2\/types\/page"}],"author":[{"embeddable":true,"href":"https:\/\/www.tlausl.de\/index.php?rest_route=\/wp\/v2\/users\/1"}],"replies":[{"embeddable":true,"href":"https:\/\/www.tlausl.de\/index.php?rest_route=%2Fwp%2Fv2%2Fcomments&post=2379"}],"version-history":[{"count":1,"href":"https:\/\/www.tlausl.de\/index.php?rest_route=\/wp\/v2\/pages\/2379\/revisions"}],"predecessor-version":[{"id":2380,"href":"https:\/\/www.tlausl.de\/index.php?rest_route=\/wp\/v2\/pages\/2379\/revisions\/2380"}],"wp:attachment":[{"href":"https:\/\/www.tlausl.de\/index.php?rest_route=%2Fwp%2Fv2%2Fmedia&parent=2379"}],"curies":[{"name":"wp","href":"https:\/\/api.w.org\/{rel}","templated":true}]}}