{"id":2369,"date":"2014-12-30T19:43:27","date_gmt":"2014-12-30T18:43:27","guid":{"rendered":"http:\/\/www.tlausl.de\/?page_id=2369"},"modified":"2014-12-30T19:43:27","modified_gmt":"2014-12-30T18:43:27","slug":"menja-und-fenja","status":"publish","type":"page","link":"https:\/\/www.tlausl.de\/?page_id=2369","title":{"rendered":"Menja und Fenja"},"content":{"rendered":"<p>Ski\u00f6ld hie\u00df ein Sohn Odhins, von dem die Ski\u00f6ldunge stammen. Er hatte Sitz und Herschaft in den Landen, die nun D\u00e4nmark hei\u00dfen; aber damals hie\u00dfen sie Gotland. Ski\u00f6ld hatte einen Sohn Fridleif genannt, der nach ihm die Lande beherschte. Fridleifs Sohn hie\u00df Frodi, der nach seinem Vater das K\u00f6nigtum \u00fcberkam. Das war in der Zeit, da Kaiser Augustus in der ganzen Welt Frieden stiftete und Christus geboren ward, und weil Frodi der m\u00e4chtigste aller K\u00f6nige in den Nordlanden war, ward ihm dieser Friede in der d\u00e4nischen Zunge beigelegt und nannten ihn die Nordm\u00e4nner Frodis Frieden. Niemand besch\u00e4digte da den andern, wenn er auch seines Vaters oder Bruders M\u00f6rder getroffen h\u00e4tte, los oder gebunden. Da war auch kein Dieb oder R\u00e4uber, so da\u00df ein Goldring lange Zeit unber\u00fchrt auf Jalangershaide lag. K\u00f6nig Frodi sandte Boten nach Swithiod zu dem K\u00f6nige, der Fi\u00f6lnir hie\u00df, und lie\u00df da zwei M\u00e4gde kaufen, die Fenja und Menja hie\u00dfen und sehr gro\u00df und stark waren. In dieser Zeit gab es in D\u00e4nmark zwei so gro\u00dfe M\u00fchlsteine, da\u00df Niemand stark genug war sie umzudrehen. Diese M\u00fchlsteine hatten die Eigenschaft, da\u00df sie malten was der M\u00fcller wollte. Die M\u00fchle hie\u00df Grotti, der Mann aber, der dem K\u00f6nig Frodi die M\u00fchle gab, ward Hengiki\u00f6ptr genannt. K\u00f6nig Frodi lie\u00df die M\u00e4gde in die M\u00fchle f\u00fchren und gebot ihnen, ihm Gold, Frieden und Frodis Gl\u00fcck zu malen. Er verstattete ihnen nicht l\u00e4nger Ruhe als so lange der Kuckuck schwieg oder ein Lied gesungen werden mochte. Da sollen sie das Lied gesungen haben, das Grottengesang hei\u00dft, und ehe sie von dem Gesange lie\u00dfen, malten sie dem K\u00f6nig ein Heer, so da\u00df in der Nacht ein Seek\u00f6nig kam, Mysingr genannt, welcher den Frodi t\u00f6dtete und gro\u00dfe Beute machte. Damit war Frodis Friede zu Ende. Mysingr nahm die M\u00fchle mit sich, und so auch Fenja und Menja und [314] befahl ihnen, Salz zu malen. Und um Mitternacht fragten sie Mysingr, ob er Salz genug habe? und er gebot ihnen fortzumalen. Sie malten noch eine kurze Frist, da sank das Schiff unter. Im Meer aber entstand nun ein Schlund, da wo die See durch das M\u00fchlsteinloch f\u00e4llt. Auch ist seitdem die See gesalzen.<\/p>\n","protected":false},"excerpt":{"rendered":"<p>Ski\u00f6ld hie\u00df ein Sohn Odhins, von dem die Ski\u00f6ldunge stammen. Er hatte Sitz und Herschaft&hellip;<\/p>\n<p> <a class=\"more-link\" href=\"https:\/\/www.tlausl.de\/?page_id=2369\">Read more<\/a><\/p>\n","protected":false},"author":1,"featured_media":0,"parent":0,"menu_order":0,"comment_status":"closed","ping_status":"open","template":"","meta":{"footnotes":""},"class_list":["post-2369","page","type-page","status-publish"],"_links":{"self":[{"href":"https:\/\/www.tlausl.de\/index.php?rest_route=\/wp\/v2\/pages\/2369","targetHints":{"allow":["GET"]}}],"collection":[{"href":"https:\/\/www.tlausl.de\/index.php?rest_route=\/wp\/v2\/pages"}],"about":[{"href":"https:\/\/www.tlausl.de\/index.php?rest_route=\/wp\/v2\/types\/page"}],"author":[{"embeddable":true,"href":"https:\/\/www.tlausl.de\/index.php?rest_route=\/wp\/v2\/users\/1"}],"replies":[{"embeddable":true,"href":"https:\/\/www.tlausl.de\/index.php?rest_route=%2Fwp%2Fv2%2Fcomments&post=2369"}],"version-history":[{"count":1,"href":"https:\/\/www.tlausl.de\/index.php?rest_route=\/wp\/v2\/pages\/2369\/revisions"}],"predecessor-version":[{"id":2370,"href":"https:\/\/www.tlausl.de\/index.php?rest_route=\/wp\/v2\/pages\/2369\/revisions\/2370"}],"wp:attachment":[{"href":"https:\/\/www.tlausl.de\/index.php?rest_route=%2Fwp%2Fv2%2Fmedia&parent=2369"}],"curies":[{"name":"wp","href":"https:\/\/api.w.org\/{rel}","templated":true}]}}