{"id":2363,"date":"2014-12-30T19:36:57","date_gmt":"2014-12-30T18:36:57","guid":{"rendered":"http:\/\/www.tlausl.de\/?page_id=2363"},"modified":"2014-12-30T19:36:57","modified_gmt":"2014-12-30T18:36:57","slug":"lokis-wette-mit-den-zwergen","status":"publish","type":"page","link":"https:\/\/www.tlausl.de\/?page_id=2363","title":{"rendered":"Lokis Wette mit den Zwergen"},"content":{"rendered":"<p>Loki, Laufeyjas Sohn, hatte der Sif hinterlistiger Weise alles Haar abgeschoren. Als Thor das gewahrte, ergriff er Loki und w\u00fcrde ihm alle Knochen zerschlagen haben, wenn er nicht geschworen h\u00e4tte, von den Schwarzelfen zu erlangen, da\u00df er der Sif Haare von Gold machte, die wie anderes Haar wachsen sollten. Darauf fuhr Loki zu den Zwergen, die Iwaldis S\u00f6hne hei\u00dfen. Diese machten das Haar, und zugleich Skidbladnir und den Spie\u00df Odhins, der Gungnir hei\u00dft. Da verwettete Loki sein Haupt mit dem Zwerge, der Brock hei\u00dft, da\u00df dessen Bruder Sindri nicht drei eben so gute Kleinode machen k\u00f6nnte wie diese w\u00e4ren. Und als sie zu der Schmiede kamen, legte Sindri eine Schweinshaut in die Esse und gebot dem Brock zu blasen und nicht eher aufzuh\u00f6ren bis er aus der Esse n\u00e4hme was er hineingelegt. Aber sobald Sindri aus der Schmiede gegangen war und Brock blies, setzte sich eine Fliege auf seine Hand und stach ihn. Dennoch h\u00f6rte er nicht auf mit Blasen bis der Schmied das Werk aus der Esse nahm. Da war es ein Eber mit goldenen Borsten. Darauf legte er Gold ins Feuer und gebot ihm zu blasen und nicht eher mit Blasen abzula\u00dfen bis er zur\u00fcckk\u00e4me. Er ging hinaus; aber die Fliege kam wieder, setzte sich Jenem auf den Hals und stach nun noch einmal so stark; doch fuhr er fort zu blasen bis der Schmied aus der Esse einen Goldring zog, der Draupnir hei\u00dft. Darauf legte er Eisen in die Esse und hie\u00df ihn blasen, und sagte Alles sei vergebens, wenn er mit Blasen inne hielte. Da setzte sich ihm eine Fliege zwischen die Augen und stach ihm in die Augenlieder, und als das Blut ihm in die Augen troff, da\u00df er nichts mehr sah, griff er schnell mit der Hand zu, w\u00e4hrend der Blasbalg ruhte und jagte die Fliege fort. Da kam der Schmied zur\u00fcck und sagte, beinahe w\u00e4re das nun v\u00f6llig verdorben was in der Esse l\u00e4ge. Darauf zog er einen Hammer aus der Esse. Alle diese Kleinode legte er darauf seinem Bruder Brock in die H\u00e4nde und hie\u00df ihn damit gen Asgard fahren, die Wette zu l\u00f6sen. Als nun er und Loki ihre Kleinode brachten, setzten sich die G\u00f6tter auf ihre Richterst\u00fchle, und sollte das Urtheil gelten, das Odhin, Thor und Freyr spr\u00e4chen. Da gab Loki dem Odhin den Spie\u00df Gungnir, dem Thor das Haar f\u00fcr die Sif, und dem Freyr den Skidbladnir und nannte die Eigenschaften dieser Kleinode, da\u00df der Spie\u00df nie sein Ziel verfehle, das Haar wachse, sobald es auf Sifs Haupt komme, und Skidbladnir immer Fahrwind habe, sobald die Segel aufgezogen w\u00fcrden, wohin man auch fahren wollte; und zugleich k\u00f6nne man das Schiff nach Belieben zusammenfalten wie ein Tuch und in der Tasche tragen. Darauf brachte Brock seine Kleinode hervor, und gab dem Odhin den Ring, und sagte, in jeder neunten Nacht w\u00fcrden acht eben so kostbare Ringe von ihm niedertr\u00e4ufeln. Dem Freyr gab er den Eber und sagte, er renne durch Luft und Wa\u00dfer Tag und Nacht schneller als irgend ein Pferd und nie w\u00e4re es so finster in der Nacht oder im Schwarzwald, da\u00df es nicht hell genug w\u00fcrde, wohin er auch f\u00fchre, so leuchteten seine Borsten. Dem Thor gab er den Hammer und sagte, er m\u00f6ge so stark damit schlagen, als er wolle, was ihm auch vork\u00e4me, ohne da\u00df der Hammer Schaden n\u00e4hme; und wohin er ihn auch werfe, so solle er ihn doch nicht verlieren, und nie solle er so weit fliegen, da\u00df er nicht in seine Hand zur\u00fcckkehre, und wenn es ihm beliebe, solle er so klein werden, da\u00df er ihn im Busen verbergen k\u00f6nne. Er habe nur den Fehler, da\u00df sein Stiel zu kurz gerathen sei. Da urtheilten die G\u00f6tter, der Hammer sei das Beste von allen Kleinoden und die beste Wehr wider die Hrimthursen, und entschieden sie die Wette dahin, da\u00df der Zwerg gewonnen habe. Da erbot sich Loki, sein Haupt zu l\u00f6sen; aber der Zwerg antwortete, darauf d\u00fcrfe er nicht hoffen. So nimm mich denn, sagte Loki; aber als Jener ihn fa\u00dfen wollte, war er schon weit fort, denn Loki hatte Schuhe, die ihn durch Luft und Wa\u00dfer trugen. Da bat der Zwerg den Thor, ihn zu ergreifen, und dieser that es. Da wollte der Zwerg Lokis Haupt abhauen, aber Loki sagte, nur das Haupt sei sein, nicht der Hals. Da nahm der Zwerg einen Riemen und ein Me\u00dfer und wollte L\u00f6cher in Lokis Lippen schneiden und ihm den Mund zusammen n\u00e4hen; aber das Me\u00dfer schnitt nicht. Da sagte er, be\u00dfer w\u00e4r es, wenn er seines Bruders Ahle h\u00e4tte, und in dem Augenblick als er sie nannte, war sie bei ihm und durchbohrte Jenem die Lippen. Da n\u00e4hte er ihm den Mund zusammen, und ri\u00df den Riemen am Ende der Nat ab. Der Riemen, womit er dem Loki den Mund zusammen n\u00e4hte, hie\u00df Wartari (Lippenrei\u00dfer).<\/p>\n","protected":false},"excerpt":{"rendered":"<p>Loki, Laufeyjas Sohn, hatte der Sif hinterlistiger Weise alles Haar abgeschoren. Als Thor das gewahrte,&hellip;<\/p>\n<p> <a class=\"more-link\" href=\"https:\/\/www.tlausl.de\/?page_id=2363\">Read more<\/a><\/p>\n","protected":false},"author":1,"featured_media":0,"parent":0,"menu_order":0,"comment_status":"closed","ping_status":"open","template":"","meta":{"footnotes":""},"class_list":["post-2363","page","type-page","status-publish"],"_links":{"self":[{"href":"https:\/\/www.tlausl.de\/index.php?rest_route=\/wp\/v2\/pages\/2363","targetHints":{"allow":["GET"]}}],"collection":[{"href":"https:\/\/www.tlausl.de\/index.php?rest_route=\/wp\/v2\/pages"}],"about":[{"href":"https:\/\/www.tlausl.de\/index.php?rest_route=\/wp\/v2\/types\/page"}],"author":[{"embeddable":true,"href":"https:\/\/www.tlausl.de\/index.php?rest_route=\/wp\/v2\/users\/1"}],"replies":[{"embeddable":true,"href":"https:\/\/www.tlausl.de\/index.php?rest_route=%2Fwp%2Fv2%2Fcomments&post=2363"}],"version-history":[{"count":1,"href":"https:\/\/www.tlausl.de\/index.php?rest_route=\/wp\/v2\/pages\/2363\/revisions"}],"predecessor-version":[{"id":2364,"href":"https:\/\/www.tlausl.de\/index.php?rest_route=\/wp\/v2\/pages\/2363\/revisions\/2364"}],"wp:attachment":[{"href":"https:\/\/www.tlausl.de\/index.php?rest_route=%2Fwp%2Fv2%2Fmedia&parent=2363"}],"curies":[{"name":"wp","href":"https:\/\/api.w.org\/{rel}","templated":true}]}}