{"id":2360,"date":"2014-12-30T19:34:20","date_gmt":"2014-12-30T18:34:20","guid":{"rendered":"http:\/\/www.tlausl.de\/?page_id=2360"},"modified":"2014-12-30T19:34:20","modified_gmt":"2014-12-30T18:34:20","slug":"thors-fahrt-nach-geirroedsgard","status":"publish","type":"page","link":"https:\/\/www.tlausl.de\/?page_id=2360","title":{"rendered":"Thors Fahrt nach Geirr\u00f6dsgard"},"content":{"rendered":"<p>Es verdient gar sehr erz\u00e4hlt zu werden, wie Thor nach Geirr\u00f6dsgard fuhr, denn da hatte er weder den Hammer Mi\u00f6lnir, noch den St\u00e4rkeg\u00fcrtel, noch die Eisenhandschuhe bei sich, woran Loki Schuld war, der ihn begleitete. Denn dem Loki war es einsmals begegnet, da er zu seiner Kurzweil mit Friggs Falkenhemde ausflog, da\u00df er aus Neugierde nach Geirr\u00f6dsgard flog, wo er eine gro\u00dfe Halle sah. Da lie\u00df er sich nieder und sah ins Fenster. Aber Geirr\u00f6d erblickte ihn und befahl den Vogel zu greifen und ihm zu bringen. Der Ausgesandte gelangte mit Noth die Hallenwand hinan, so hoch war sie. Loki ergetzte sich daran, wie Jener ihm so m\u00fchsam nachstrebte und gedachte, es sei noch fr\u00fch genug f\u00fcr ihn, aufzufliegen, wenn der Mann das Beschwerlichste \u00fcberstanden habe. Als dieser nun nach ihm langte, da schlug er die Fl\u00fcgel und spreizte die F\u00fc\u00dfe; aber diese hingen fest. Da ward Loki ergriffen und dem Riesen Geirr\u00f6d gebracht. Als der ihm in die Augen sah, da ahnte ihm, da\u00df es ein Mann sein m\u00f6ge und gebot ihm Rede zu stehen; aber Loki schwieg. Da schlo\u00df ihn Geirr\u00f6d in eine Kiste und lie\u00df ihn da drei Monate hungern. Und als ihn Geirr\u00f6d herausnahm und reden hie\u00df, gestand Loki wer er sei und l\u00f6ste sein Leben damit, da\u00df er dem Geirr\u00f6d schwur, den Thor nach Geirr\u00f6dsgard zu bringen ohne da\u00df er den Hammer und den St\u00e4rkeg\u00fcrtel h\u00e4tte.<\/p>\n<p>Unterwegs nahm Thor Herberge bei einem Riesenweibe, das Gridr hie\u00df. Sie war die Mutter Widars, des schweigsamen. Sie sagte dem Thor die Wahrheit von Geirr\u00f6d, er sei ein hundweiser und \u00fcbel umg\u00e4nglicher J\u00f6tun. Auch lieh sie ihm ihre eigenen St\u00e4rkeg\u00fcrtel und Eisenhandschuhe und ihren Stab, Gridarw\u00f6lr genannt. Da fuhr Thor zu dem Flu\u00dfe, der Wimur hie\u00df, aller Fl\u00fc\u00dfe gr\u00f6stem. Da umspannte er sich mit den St\u00e4rkeg\u00fcrteln, und stemmte Grids Stab gegen die Str\u00f6mung; Loki aber hielt sich unten am Gurte. Als nun Thor mitten in den Flu\u00df kam, da wuchs dieser so stark an, da\u00df er ihm bis an die Schulter stieg. Da sprach Thor:<\/p>\n<p>Wachse nicht, Wimur,   nun ich waten mu\u00df<br \/>\nHin zu des Joten Hause.<br \/>\nWi\u00dfe, wenn du w\u00e4chsest,   w\u00e4chst mir die Asenkraft<br \/>\nEbenhoch dem Himmel.<\/p>\n<p>Da sah Thor in eine Bergkluft hinauf, da\u00df da Gialp, Geirr\u00f6ds Tochter, quer \u00fcber dem Strome stand und dessen Wachsen verursachte. Da nahm Thor einen gro\u00dfen Stein aus dem Flu\u00df auf und warf nach ihr, indem er sprach: Bei der Quelle mu\u00df man den Strom stauen. Sein Wurf pflegte sein Ziel nicht zu verfehlen. In demselben Augenblicke nahte er sich dem Lande, ergriff einen Sperberbaumstrauch und stieg aus dem Flu\u00dfe: daher das Sprichwort, der Sperberbaum sei Thors Rettung.<\/p>\n<p>Als nun Thor zu Geirr\u00f6d kam, wurden die Reisegef\u00e4hrten zuerst in das G\u00e4stehaus gewiesen. Da war nur Ein Stuhl zum Sitzen, auf den setzte sich Thor. Nun ward er gewahr, da\u00df der Stuhl unter ihm sich gegen die Decke hob. Da stie\u00df er mit Grids Stabe gegen das Sparrwerk und dr\u00fcckte sich auf den Stuhl hinab. Alsbald entstand gro\u00dfes Gekrach und folgte lautes Geschrei. Unter dem Stuhle waren Geirr\u00f6ds T\u00f6chter Gialp und Greip gewesen und hatte er beiden den R\u00fccken zerbrochen. Da sprach Thor:<\/p>\n<p>Einsmals \u00fcbt ich   die Asenst\u00e4rke<br \/>\nIn des Joten Hause,<br \/>\nDa Gialp und Greip,   Geirr\u00f6ds T\u00f6chter,<br \/>\nMich zum Himmel hoben.<\/p>\n<p>Da lie\u00df Geirr\u00f6d den Thor in die Halle zu den Spielen rufen. Da waren gro\u00dfe Feuer der ganzen L\u00e4nge der Halle nach. Und als Thor in der Halle dem Geirr\u00f6d gegen\u00fcber stand, da fa\u00dfte Geirr\u00f6d mit der Zange einen gl\u00fchenden Eisenkeil und warf ihn nach Thor. Aber Thor fing ihn mit den Eisenhandschuhen in der Luft auf. Geirr\u00f6d sprang hinter eine Eisens\u00e4ule sich zu wahren. Aber Thor warf den Keil, da\u00df er durch die S\u00e4ule fuhr, durch Geirr\u00f6d, durch die Wand und drau\u00dfen noch in die Erde.<\/p>\n","protected":false},"excerpt":{"rendered":"<p>Es verdient gar sehr erz\u00e4hlt zu werden, wie Thor nach Geirr\u00f6dsgard fuhr, denn da hatte&hellip;<\/p>\n<p> <a class=\"more-link\" href=\"https:\/\/www.tlausl.de\/?page_id=2360\">Read more<\/a><\/p>\n","protected":false},"author":1,"featured_media":0,"parent":0,"menu_order":0,"comment_status":"closed","ping_status":"open","template":"","meta":{"footnotes":""},"class_list":["post-2360","page","type-page","status-publish"],"_links":{"self":[{"href":"https:\/\/www.tlausl.de\/index.php?rest_route=\/wp\/v2\/pages\/2360","targetHints":{"allow":["GET"]}}],"collection":[{"href":"https:\/\/www.tlausl.de\/index.php?rest_route=\/wp\/v2\/pages"}],"about":[{"href":"https:\/\/www.tlausl.de\/index.php?rest_route=\/wp\/v2\/types\/page"}],"author":[{"embeddable":true,"href":"https:\/\/www.tlausl.de\/index.php?rest_route=\/wp\/v2\/users\/1"}],"replies":[{"embeddable":true,"href":"https:\/\/www.tlausl.de\/index.php?rest_route=%2Fwp%2Fv2%2Fcomments&post=2360"}],"version-history":[{"count":1,"href":"https:\/\/www.tlausl.de\/index.php?rest_route=\/wp\/v2\/pages\/2360\/revisions"}],"predecessor-version":[{"id":2361,"href":"https:\/\/www.tlausl.de\/index.php?rest_route=\/wp\/v2\/pages\/2360\/revisions\/2361"}],"wp:attachment":[{"href":"https:\/\/www.tlausl.de\/index.php?rest_route=%2Fwp%2Fv2%2Fmedia&parent=2360"}],"curies":[{"name":"wp","href":"https:\/\/api.w.org\/{rel}","templated":true}]}}