{"id":2324,"date":"2014-12-27T12:07:30","date_gmt":"2014-12-27T11:07:30","guid":{"rendered":"http:\/\/www.tlausl.de\/?page_id=2324"},"modified":"2014-12-27T12:07:30","modified_gmt":"2014-12-27T11:07:30","slug":"drap-niflunga-mord-der-niflunge","status":"publish","type":"page","link":"https:\/\/www.tlausl.de\/?page_id=2324","title":{"rendered":"Dr\u00e2p Niflunga (Mord der Niflunge)"},"content":{"rendered":"<p>Gunnar und H\u00f6gni nahmen da alles Gold, Fafnirs Erbe. Da entstand Feindschaft zwischen den Giukungen und Atli. Denn er beschuldigte die Giukungen, sie seien an Brynhilds Tode Schuld. Da verglichen sie sich dahin, da\u00df sie ihm Gudrun zur Ehe g\u00e4ben. Dieser aber gaben sie einen Verge\u00dfenheitstrank zu trinken ehe sie einwilligte, da\u00df sie dem Atli verm\u00e4hlt w\u00fcrde. Atlis S\u00f6hne waren Erp und Eitel; aber Gudruns Tochter von Sigurd war Swanhild. K\u00f6nig Atli lud Gunnar und H\u00f6gni zum Gastgebot, wozu er sich als Boten des Wingi oder Knefr\u00f6d bediente. Gudrun ahnte T\u00fccke und schickte in runischen Zeichen Warnungsworte, da\u00df sie nicht kommen sollten und zum Wahrzeichen schickte sie dem H\u00f6gni den Ring Andwaranaut, an den sie Wolfshaare kn\u00fcpfte. Gunnar hatte Oddrun, Atlis Schwester, zur Gemahlin begehrt, aber nicht erhalten. Da verm\u00e4hlte er sich der Gl\u00f6mwera und H\u00f6gni der Kostbera. Deren S\u00f6hne waren Solar, Sn\u00e4war und Giuki. Als aber die Giukungen zu Atli kamen, da bat Gudrun ihre S\u00f6hne, da\u00df sie der Giukungen Leben erb\u00e4ten; aber sie wollten das nicht. Dem H\u00f6gni ward das Herz ausgeschnitten und Gunnar in den Schlangenthurm geworfen. Er schlug die Harfe und sang die Schlangen in den Schlaf; aber eine Natter durchbohrte ihn bis zur Leber.<\/p>\n","protected":false},"excerpt":{"rendered":"<p>Gunnar und H\u00f6gni nahmen da alles Gold, Fafnirs Erbe. Da entstand Feindschaft zwischen den Giukungen&hellip;<\/p>\n<p> <a class=\"more-link\" href=\"https:\/\/www.tlausl.de\/?page_id=2324\">Read more<\/a><\/p>\n","protected":false},"author":1,"featured_media":0,"parent":0,"menu_order":0,"comment_status":"closed","ping_status":"open","template":"","meta":{"footnotes":""},"class_list":["post-2324","page","type-page","status-publish"],"_links":{"self":[{"href":"https:\/\/www.tlausl.de\/index.php?rest_route=\/wp\/v2\/pages\/2324","targetHints":{"allow":["GET"]}}],"collection":[{"href":"https:\/\/www.tlausl.de\/index.php?rest_route=\/wp\/v2\/pages"}],"about":[{"href":"https:\/\/www.tlausl.de\/index.php?rest_route=\/wp\/v2\/types\/page"}],"author":[{"embeddable":true,"href":"https:\/\/www.tlausl.de\/index.php?rest_route=\/wp\/v2\/users\/1"}],"replies":[{"embeddable":true,"href":"https:\/\/www.tlausl.de\/index.php?rest_route=%2Fwp%2Fv2%2Fcomments&post=2324"}],"version-history":[{"count":1,"href":"https:\/\/www.tlausl.de\/index.php?rest_route=\/wp\/v2\/pages\/2324\/revisions"}],"predecessor-version":[{"id":2325,"href":"https:\/\/www.tlausl.de\/index.php?rest_route=\/wp\/v2\/pages\/2324\/revisions\/2325"}],"wp:attachment":[{"href":"https:\/\/www.tlausl.de\/index.php?rest_route=%2Fwp%2Fv2%2Fmedia&parent=2324"}],"curies":[{"name":"wp","href":"https:\/\/api.w.org\/{rel}","templated":true}]}}