{"id":2318,"date":"2014-12-14T11:49:13","date_gmt":"2014-12-14T10:49:13","guid":{"rendered":"http:\/\/www.tlausl.de\/?page_id=2318"},"modified":"2014-12-14T11:49:13","modified_gmt":"2014-12-14T10:49:13","slug":"helreidh-brynhildar-brynhildens-todesfahrt","status":"publish","type":"page","link":"https:\/\/www.tlausl.de\/?page_id=2318","title":{"rendered":"Helreidh Brynhildar (Brynhildens Todesfahrt)"},"content":{"rendered":"<p>Nach Brynhildens Tode wurden zwei Scheiterhaufen gemacht, Einer f\u00fcr Sigurd, und der brannte zuerst; darnach ward Brynhild verbrannt, und lag sie auf einem Wagen, der mit Prachtgeweben umzettelt war. Es wird erz\u00e4hlt, da\u00df Brynhild auf dem Wagen den Helweg fuhr und durch eine H\u00f6hle kam, wo ein Riesenweib wohnte. Das Riesenweib sprach:<\/p>\n<p>Fort, zu fahren   erfrech dich nicht<br \/>\nDurch meine stein-   gest\u00fctzten H\u00e4user.<br \/>\nBe\u00dfer ziemte dir,   Borten zu wirken<br \/>\nAls den Gatten   begehren der Andern.<\/p>\n<p>Wall\u00e4ndisch Weib,   was willst du suchen,<br \/>\nAllgierig Haupt,   in meinem Hause?<br \/>\nDu wuschest, Walk\u00fcre,   so dichs zu wi\u00dfen l\u00fcstet,<br \/>\nVon den H\u00e4nden dir manchesmal   Menschenblut.<\/p>\n<p>Brynhild.<br \/>\nWas wirfst du mir vor,   Weib aus Stein?<br \/>\nHab ich im Kriegsheer   gek\u00e4mpft denn auch,<br \/>\nSo bin ich die be\u00dfere   von uns beiden doch,<br \/>\nWenn unsern Adel   Einsichtge pr\u00fcfen.<\/p>\n<p>Riesin.<br \/>\nDu bist, Brynhild,   Budlis Tochter,<br \/>\nIn widrigster Stunde   zur Welt geboren:<br \/>\nDurch dich ward ohne   Erben Giuki,<br \/>\nDu hast sein hohes   Haus gest\u00fcrzt.<\/p>\n<p>Brynhild.<br \/>\nVom Wagen k\u00fcndigt   die Kluge dir.<br \/>\nDer Witzlosen,   wenn dichs zu wi\u00dfen l\u00fcstet:<br \/>\nMich machten Giukis   Erben meiner<br \/>\nLiebe verlustig,   der Eide ledig.<\/p>\n<p>Der hochsinnige F\u00fcrst   lie\u00df die Fluggewande<br \/>\nMir und acht Schwestern   unter die Eiche tragen;<br \/>\nZw\u00f6lf Winter war ich,   wenn dichs zu wi\u00dfen l\u00fcstet,<br \/>\nAls ich dem jungen   F\u00fcrsten den Eid schwur.<\/p>\n<p>Alle hie\u00dfen mich   in Hlyndalir<br \/>\nHild unterm Helme,   wohin ich kam.<\/p>\n<p>Da lie\u00df ich den greisen   gotischen F\u00fcrsten<br \/>\nHialmgunnar hinab   gehn zur Hel,<br \/>\nGab Sieg dem bl\u00fchenden   Bruder Adas:<br \/>\nDar\u00fcber ward mir   Odhin ergrimmt.<\/p>\n<p>Er umschlo\u00df mich mit Schilden   in Skatalundr,<br \/>\nMit rothen und wei\u00dfen;   die R\u00e4nder schn\u00fcrten mich.<br \/>\nMeinen Schlaf zu brechen   gebot er dem,<br \/>\nDer immer furchtlos   erfunden w\u00fcrde.<\/p>\n<p>Um meinen Saal,   den s\u00fcdlich gelegnen,<br \/>\nLie\u00df er hoch des Holzes   Verheerer entbrennen:<br \/>\nDar\u00fcber reiten   sollte der Recke nur,<br \/>\nDer das Gold mir br\u00e4chte   im Bette Fafnirs.<\/p>\n<p>Der rasche Ringspender   ritt auf Grani<br \/>\nHin, wo mein H\u00fcter   das Land beherschte.<br \/>\nDer beste dauchte mich   der Degen alle<br \/>\nDer hunische F\u00fcrst   im Heldengefolge.<\/p>\n<p>Wir lagen mit Lust   auf Einem Lager<br \/>\nAls ob er mein Bruder   geboren w\u00e4re.<br \/>\nKeiner von beiden   konnt um den andern<br \/>\nIn acht N\u00e4chten   die Arme f\u00fcgen.<\/p>\n<p>Doch gab mir Gudrun Schuld,   Giukis Tochter,<br \/>\nIch h\u00e4tte dem Sigurd   geschlafen im Arm.<br \/>\nWas ich nicht wollte   gewahrt\u2019 ich da:<br \/>\nDa\u00df ich \u00fcberlistet ward   bei der Verlobung.<\/p>\n<p>Zum Unheil werden   noch allzulange<br \/>\nM\u00e4nner und Weiber   zur Welt geboren.<br \/>\nAber wir beide   bleiben zusammen,<br \/>\nIch und Sigurd:   versinke, Riesenbrut!<\/p>\n","protected":false},"excerpt":{"rendered":"<p>Nach Brynhildens Tode wurden zwei Scheiterhaufen gemacht, Einer f\u00fcr Sigurd, und der brannte zuerst; darnach&hellip;<\/p>\n<p> <a class=\"more-link\" href=\"https:\/\/www.tlausl.de\/?page_id=2318\">Read more<\/a><\/p>\n","protected":false},"author":1,"featured_media":0,"parent":0,"menu_order":0,"comment_status":"closed","ping_status":"open","template":"","meta":{"footnotes":""},"class_list":["post-2318","page","type-page","status-publish"],"_links":{"self":[{"href":"https:\/\/www.tlausl.de\/index.php?rest_route=\/wp\/v2\/pages\/2318","targetHints":{"allow":["GET"]}}],"collection":[{"href":"https:\/\/www.tlausl.de\/index.php?rest_route=\/wp\/v2\/pages"}],"about":[{"href":"https:\/\/www.tlausl.de\/index.php?rest_route=\/wp\/v2\/types\/page"}],"author":[{"embeddable":true,"href":"https:\/\/www.tlausl.de\/index.php?rest_route=\/wp\/v2\/users\/1"}],"replies":[{"embeddable":true,"href":"https:\/\/www.tlausl.de\/index.php?rest_route=%2Fwp%2Fv2%2Fcomments&post=2318"}],"version-history":[{"count":1,"href":"https:\/\/www.tlausl.de\/index.php?rest_route=\/wp\/v2\/pages\/2318\/revisions"}],"predecessor-version":[{"id":2319,"href":"https:\/\/www.tlausl.de\/index.php?rest_route=\/wp\/v2\/pages\/2318\/revisions\/2319"}],"wp:attachment":[{"href":"https:\/\/www.tlausl.de\/index.php?rest_route=%2Fwp%2Fv2%2Fmedia&parent=2318"}],"curies":[{"name":"wp","href":"https:\/\/api.w.org\/{rel}","templated":true}]}}