{"id":2271,"date":"2014-12-13T15:20:35","date_gmt":"2014-12-13T14:20:35","guid":{"rendered":"http:\/\/www.tlausl.de\/?page_id=2271"},"modified":"2014-12-27T17:50:57","modified_gmt":"2014-12-27T16:50:57","slug":"heldensagen","status":"publish","type":"page","link":"https:\/\/www.tlausl.de\/?page_id=2271","title":{"rendered":"Heldensagen"},"content":{"rendered":"<p>bitte erstmal \u00fcber das Men\u00fc ausw\u00e4hlen.<\/p>\n","protected":false},"excerpt":{"rendered":"<p>bitte erstmal \u00fcber das Men\u00fc ausw\u00e4hlen.<\/p>\n","protected":false},"author":1,"featured_media":0,"parent":0,"menu_order":0,"comment_status":"closed","ping_status":"open","template":"","meta":{"footnotes":""},"class_list":["post-2271","page","type-page","status-publish"],"_links":{"self":[{"href":"https:\/\/www.tlausl.de\/index.php?rest_route=\/wp\/v2\/pages\/2271","targetHints":{"allow":["GET"]}}],"collection":[{"href":"https:\/\/www.tlausl.de\/index.php?rest_route=\/wp\/v2\/pages"}],"about":[{"href":"https:\/\/www.tlausl.de\/index.php?rest_route=\/wp\/v2\/types\/page"}],"author":[{"embeddable":true,"href":"https:\/\/www.tlausl.de\/index.php?rest_route=\/wp\/v2\/users\/1"}],"replies":[{"embeddable":true,"href":"https:\/\/www.tlausl.de\/index.php?rest_route=%2Fwp%2Fv2%2Fcomments&post=2271"}],"version-history":[{"count":2,"href":"https:\/\/www.tlausl.de\/index.php?rest_route=\/wp\/v2\/pages\/2271\/revisions"}],"predecessor-version":[{"id":2354,"href":"https:\/\/www.tlausl.de\/index.php?rest_route=\/wp\/v2\/pages\/2271\/revisions\/2354"}],"wp:attachment":[{"href":"https:\/\/www.tlausl.de\/index.php?rest_route=%2Fwp%2Fv2%2Fmedia&parent=2271"}],"curies":[{"name":"wp","href":"https:\/\/api.w.org\/{rel}","templated":true}]}}