{"id":2263,"date":"2014-12-13T14:50:16","date_gmt":"2014-12-13T13:50:16","guid":{"rendered":"http:\/\/www.tlausl.de\/?page_id=2263"},"modified":"2014-12-13T14:50:16","modified_gmt":"2014-12-13T13:50:16","slug":"grogaldr-groas-erweckung","status":"publish","type":"page","link":"https:\/\/www.tlausl.de\/?page_id=2263","title":{"rendered":"Gr\u00f4galdr (Groas Erweckung)"},"content":{"rendered":"<p>Wache, Groa,   erwache, gutes Weib,<br \/>\nIch wecke dich am Todtenthor.<br \/>\nGedenkt dir des nicht?   Zu deinem Grab<br \/>\nHast du den Sohn beschieden.<\/p>\n<p>\u201eWas bek\u00fcmmert nun   mein einziges Kind?<br \/>\nWelch Unheil \u00e4ngstet dich,<br \/>\nDa\u00df du die Mutter anrufst,   die in der Erde ruht,<br \/>\nMenschliche Wohnungen l\u00e4ngst verlie\u00df?\u201c<\/p>\n<p>Zu \u00fcbelm Spiel   beschiedst du mich, Arge:<br \/>\nDie mein Vater umfing<br \/>\nLud an den Ort mich,   den kein Lebender kennt,<br \/>\nEine Frau hier zu finden.<\/p>\n<p>\u201eLang ist die Wanderung,   die Wege sind lang,<br \/>\nLang ist der Menschen Verlangen.<br \/>\nWenn es sich f\u00fcgt,   da\u00df sich erf\u00fcllt dein Wunsch,<br \/>\nSo lacht dir g\u00fcnstiges Gl\u00fcck.\u201c<\/p>\n<p>Heb ein Lied an,   das heilsam ist,<br \/>\nKr\u00e4ftige, Mutter, dein Kind.<br \/>\nUnterwegs   f\u00fcrcht ich den Untergang,<br \/>\nAllzujung eracht ich mich.<\/p>\n<p>\u201eSo heb ich zuerst an   ein heilkr\u00e4ftig Lied,<br \/>\nDas Rinda sang der Ran:<br \/>\nHinter die Schultern wirf   was du beschwerlich w\u00e4hnst,<br \/>\nDir selbst vertraue selber.<\/p>\n<p>\u201eZum Andern sing ich dir,   da du irren sollst<br \/>\nAuf weiten Wegen wonnelos:<br \/>\nDer Urd Riegel   sollen dich allseits wahren,<br \/>\nWo du Sch\u00e4ndliches siehst.<\/p>\n<p>\u201eZum Dritten sing ich die\u00df,   wenn wo verderblich<br \/>\nFlutende Fl\u00fc\u00dfe brausen,<br \/>\nDer rei\u00dfende, rauschende   rinne dem Abgrund zu,<br \/>\nVor dir versand er und schwinde.<\/p>\n<p>\u201eDie\u00df sing ich zum Vierten,   so Feinde dir dr\u00e4uend<br \/>\nAm Galgenweg begegnen,<br \/>\nIhnen mangle der Muth,   die Macht sei bei dir<br \/>\nBis sie zum Frieden sich f\u00fcgen.<\/p>\n<p>\u201eDie\u00df sing ich zum F\u00fcnften,   so Fe\u00dfeln sich dir<br \/>\nUm die Gelenke legen,<br \/>\nL\u00f6sende Glut gie\u00dft dir   mein Lied um die Glieder,<br \/>\nDer Haft springt von der Hand,<br \/>\nVon den F\u00fc\u00dfen die Fe\u00dfel.<\/p>\n<p>\u201eDie\u00df sing ich zum Sechsten,   st\u00fcrmt die See<br \/>\nWilder als Menschen wi\u00dfen,<br \/>\nSturm und Flut   fa\u00df in den Schlauch,<br \/>\nDa\u00df sie frohe Fahrt gew\u00e4hren.<\/p>\n<p>\u201eDie\u00df sing ich zum Siebenten,   wenn dich schaurig umweht<br \/>\nDer Frost auf Felsenh\u00f6hen,<br \/>\nKein Glied verletze dir   der grimme Hauch,<br \/>\nNoch soll er die Sehnen dir straff ziehn.<\/p>\n<p>\u201eDie\u00df sing ich zum Achten,   \u00fcberf\u00e4llt dich<br \/>\nDie Nacht auf neblichem Wege,<br \/>\nNichts desto minder   mag dir nicht schaden<br \/>\nEin getauftes todtes Weib.<\/p>\n<p>\u201eZum Neunten sing ich dir,   wird dir Noth mit dem Joten,<br \/>\nDem schwertgeschm\u00fcckten, zu reden,<br \/>\nWortes und Witzes   sei im bewusten Herzen<br \/>\nF\u00fclle dir und \u00dcberflu\u00df.<\/p>\n<p>\u201eNun fahre getrost   der Gefahr entgegen,<br \/>\nDich mag kein Hinderniss hemmen.<br \/>\nIch stand auf dem Stein   an der Schwelle des Grabs<br \/>\nUnd lie\u00df mein Lied dir erklingen.<\/p>\n<p>\u201eNimm mit dir, Sohn,   der Mutter Worte<br \/>\nUnd behalte sie im Herzen:<br \/>\nHeils genug   hast du immer<br \/>\nDieweil mein Wort dir gedenkt.\u201c<\/p>\n","protected":false},"excerpt":{"rendered":"<p>Wache, Groa, erwache, gutes Weib, Ich wecke dich am Todtenthor. Gedenkt dir des nicht? Zu&hellip;<\/p>\n<p> <a class=\"more-link\" href=\"https:\/\/www.tlausl.de\/?page_id=2263\">Read more<\/a><\/p>\n","protected":false},"author":1,"featured_media":0,"parent":0,"menu_order":0,"comment_status":"closed","ping_status":"open","template":"","meta":{"footnotes":""},"class_list":["post-2263","page","type-page","status-publish"],"_links":{"self":[{"href":"https:\/\/www.tlausl.de\/index.php?rest_route=\/wp\/v2\/pages\/2263","targetHints":{"allow":["GET"]}}],"collection":[{"href":"https:\/\/www.tlausl.de\/index.php?rest_route=\/wp\/v2\/pages"}],"about":[{"href":"https:\/\/www.tlausl.de\/index.php?rest_route=\/wp\/v2\/types\/page"}],"author":[{"embeddable":true,"href":"https:\/\/www.tlausl.de\/index.php?rest_route=\/wp\/v2\/users\/1"}],"replies":[{"embeddable":true,"href":"https:\/\/www.tlausl.de\/index.php?rest_route=%2Fwp%2Fv2%2Fcomments&post=2263"}],"version-history":[{"count":1,"href":"https:\/\/www.tlausl.de\/index.php?rest_route=\/wp\/v2\/pages\/2263\/revisions"}],"predecessor-version":[{"id":2264,"href":"https:\/\/www.tlausl.de\/index.php?rest_route=\/wp\/v2\/pages\/2263\/revisions\/2264"}],"wp:attachment":[{"href":"https:\/\/www.tlausl.de\/index.php?rest_route=%2Fwp%2Fv2%2Fmedia&parent=2263"}],"curies":[{"name":"wp","href":"https:\/\/api.w.org\/{rel}","templated":true}]}}