{"id":2239,"date":"2014-12-11T19:32:47","date_gmt":"2014-12-11T18:32:47","guid":{"rendered":"http:\/\/www.tlausl.de\/?page_id=2239"},"modified":"2014-12-11T19:32:47","modified_gmt":"2014-12-11T18:32:47","slug":"vegtamskvidha-das-wegtamslied","status":"publish","type":"page","link":"https:\/\/www.tlausl.de\/?page_id=2239","title":{"rendered":"Vegtamskvidha (Das Wegtamslied)"},"content":{"rendered":"<p>Die Asen eilten all zur Versammlung<br \/>\nUnd die Asinnen all zum Gespr\u00e4ch:<br \/>\nDar\u00fcber beriethen die himmlischen Richter,<br \/>\nWarum den Baldur b\u00f6se Tr\u00e4ume schreckten?<\/p>\n<p>(Ihm schien der schwere Schlaf ein Kerker,<br \/>\nVerschwunden des s\u00fc\u00dfen Schlummers Labe.<br \/>\nDa fragten die F\u00fcrsten vorschaunde Wesen,<br \/>\nOb ihnen das wohl Unheil bedeute?<\/p>\n<p>Die Gefragten sprachen: \u201eDem Tode verfallen ist<br \/>\nUllers31 Freund, so einzig lieblich.\u201c<br \/>\nDarob erschraken Swafnir und Frigg,<br \/>\nUnd alle die F\u00fcrsten sie fa\u00dften den Schlu\u00df:<\/p>\n<p>\u201eWir wollen besenden die Wesen alle,<br \/>\nFrieden erbitten, da\u00df sie Baldurn nicht schaden.\u201c<br \/>\nAlles schwur Eide, ihn zu verschonen;<br \/>\nFrigg nahm die festen Schw\u00fcr in Empfang.<\/p>\n<p>Allvater achtete das ungen\u00fcgend,<br \/>\nVerschwunden schienen ihm die Schutzgeister all.<br \/>\nDie Asen berief er Rath zu heischen;<br \/>\nAm Mahlstein gesprochen ward mancherlei.)<\/p>\n<p>Auf stand Odhin, der Allerschaffer,<br \/>\nUnd schwang den Sattel auf Sleipnirs42 R\u00fccken.<br \/>\nNach Nifelheim hernieder ritt er;<br \/>\nDa kam aus Hels Haus ein Hund ihm entgegen,<\/p>\n<p>Blutbefleckt vorn an der Brust,<br \/>\nKiefer und Rachen klaffend zum Bi\u00df,<br \/>\nSo ging er entgegen mit g\u00e4hnendem Schlund<br \/>\nDem Vater der Lieder und bellte laut.<br \/>\nFort ritt Odhin, die Erde dr\u00f6hnte,<br \/>\nZu dem hohen Hause kam er der Hel.<\/p>\n<p>Da ritt Odhin ans \u00f6stliche Thor,<br \/>\nWo er der Wala wuste den H\u00fcgel.<br \/>\nDas Wecklied begann er der Weisen zu singen,<br \/>\n(Nach Norden schauend schlug er mit dem Stabe<br \/>\nSprach die Beschw\u00f6rung Bescheid erheischend)<br \/>\nBis gezwungen sie aufstand Unheil verk\u00fcndend.<\/p>\n<p>Wala.<br \/>\nWelcher der M\u00e4nner, mir unbewuster,<br \/>\nSchafft die Beschwerde mir solchen Gangs?<br \/>\nSchnee beschneite mich, Regen beschlug mich,<br \/>\nThau betr\u00e4ufte mich, todt war ich lange.<\/p>\n<p>Odhin.<br \/>\nIch hei\u00dfe Wegtam, bin Waltams Sohn.<br \/>\nWie ich von der Oberwelt sprich von der Unterwelt.<br \/>\nWem sind die B\u00e4nke mit Baugen (Ringen) bestreut,<br \/>\nDie gl\u00e4nzenden Betten mit Gold bedeckt?<\/p>\n<p>Wala.<br \/>\nHier steht dem Baldur der Becher eingeschenkt,<br \/>\nDer schimmernde Trank, vom Schild bedeckt.<br \/>\nDie Asen alle sind ohne Hoffnung.<br \/>\nGen\u00f6thigt sprach ich, nun will ich schweigen.<\/p>\n<p>Wegtam.<br \/>\nSchweig nicht, Wala, ich will dich fragen<br \/>\nBis Alles ich wei\u00df. Noch w\u00fcst ich gerne:<br \/>\nWelcher der M\u00e4nner ermordet Baldurn,<br \/>\nWird Odhins Erben das Ende f\u00fcgen?<\/p>\n<p>Wala.<br \/>\nHieher bringt H\u00f6dr28 den hochber\u00fchmten,<br \/>\nEr wird der M\u00f6rder werden Baldurs,<br \/>\nWird Odhins Erben das Ende f\u00fcgen.49<br \/>\nGen\u00f6thigt sprach ich, nun will ich schweigen.<\/p>\n<p>Wegtam.<br \/>\nSchweig nicht, Wala, ich will dich fragen<br \/>\nBis Alles ich wei\u00df. Noch w\u00fcst ich gerne:<br \/>\nWer wird uns Rache gewinnen an H\u00f6dur,<br \/>\nUnd zum B\u00fchle bringen Baldurs M\u00f6rder?<\/p>\n<p>Wala.<br \/>\nRindur im Westen gewinnt den Sohn,<br \/>\nDer einn\u00e4chtig, Odhins Erbe, zum Kampf geht.<br \/>\nEr w\u00e4scht die Hand nicht, das Haar nicht k\u00e4mmt er<br \/>\nBis er zum B\u00fchle brachte Baldurs M\u00f6rder.<br \/>\nGen\u00f6thigt sprach ich, nun will ich schweigen.<\/p>\n<p>Wegtam.<br \/>\nSchweig nicht, Wala, ich will dich fragen<br \/>\nBis Alles ich wei\u00df. Noch w\u00fcst ich gerne:<br \/>\nWie hei\u00dft das Weib, die nicht weinen will<br \/>\nUnd himmelan werfen des Hauptes Schleier?<br \/>\nSage das Eine noch, nicht eher schl\u00e4fst du.<\/p>\n<p>Wala.<br \/>\nDu bist nicht Wegtam wie erst ich w\u00e4hnte,<br \/>\nOdhin bist du der Allerschaffer.<\/p>\n<p>Odhin.<br \/>\nDu bist keine Wala, kein wi\u00dfendes Weib,<br \/>\nVielmehr bist du dreier Thursen Mutter.<\/p>\n<p>Wala.<br \/>\nHeim reit nun, Odhin, und r\u00fchme dich:<br \/>\nKein Mann kommt mehr mich zu besuchen<br \/>\nBis los und ledig Loki der Bande wird<br \/>\nUnd der G\u00f6tter D\u00e4mmerung verderbend einbricht.<\/p>\n","protected":false},"excerpt":{"rendered":"<p>Die Asen eilten all zur Versammlung Und die Asinnen all zum Gespr\u00e4ch: Dar\u00fcber beriethen die&hellip;<\/p>\n<p> <a class=\"more-link\" href=\"https:\/\/www.tlausl.de\/?page_id=2239\">Read more<\/a><\/p>\n","protected":false},"author":1,"featured_media":0,"parent":0,"menu_order":0,"comment_status":"closed","ping_status":"open","template":"","meta":{"footnotes":""},"class_list":["post-2239","page","type-page","status-publish"],"_links":{"self":[{"href":"https:\/\/www.tlausl.de\/index.php?rest_route=\/wp\/v2\/pages\/2239","targetHints":{"allow":["GET"]}}],"collection":[{"href":"https:\/\/www.tlausl.de\/index.php?rest_route=\/wp\/v2\/pages"}],"about":[{"href":"https:\/\/www.tlausl.de\/index.php?rest_route=\/wp\/v2\/types\/page"}],"author":[{"embeddable":true,"href":"https:\/\/www.tlausl.de\/index.php?rest_route=\/wp\/v2\/users\/1"}],"replies":[{"embeddable":true,"href":"https:\/\/www.tlausl.de\/index.php?rest_route=%2Fwp%2Fv2%2Fcomments&post=2239"}],"version-history":[{"count":1,"href":"https:\/\/www.tlausl.de\/index.php?rest_route=\/wp\/v2\/pages\/2239\/revisions"}],"predecessor-version":[{"id":2240,"href":"https:\/\/www.tlausl.de\/index.php?rest_route=\/wp\/v2\/pages\/2239\/revisions\/2240"}],"wp:attachment":[{"href":"https:\/\/www.tlausl.de\/index.php?rest_route=%2Fwp%2Fv2%2Fmedia&parent=2239"}],"curies":[{"name":"wp","href":"https:\/\/api.w.org\/{rel}","templated":true}]}}